{"id":2954,"date":"2023-01-19T10:25:50","date_gmt":"2023-01-19T09:25:50","guid":{"rendered":"https:\/\/garbagegroup.it\/blue-resilience\/"},"modified":"2023-01-19T10:56:20","modified_gmt":"2023-01-19T09:56:20","slug":"blue-resilience","status":"publish","type":"page","link":"https:\/\/garbagegroup.it\/en\/progetti\/blue-resilience\/","title":{"rendered":"Progetto &#8220;Blue Resilience&#8221;"},"content":{"rendered":"<div class=\"wpb-content-wrapper\"><p>[vc_row row_height_percent=&#8221;0&#8243; override_padding=&#8221;yes&#8221; h_padding=&#8221;2&#8243; top_padding=&#8221;3&#8243; bottom_padding=&#8221;2&#8243; overlay_alpha=&#8221;50&#8243; gutter_size=&#8221;3&#8243; column_width_percent=&#8221;100&#8243; shift_y=&#8221;0&#8243; z_index=&#8221;0&#8243;][vc_column width=&#8221;1\/1&#8243;][vc_gallery el_id=&#8221;gallery-203640&#8243; type=&#8221;carousel&#8221; medias=&#8221;2998,3000&#8243; carousel_lg=&#8221;1&#8243; carousel_md=&#8221;1&#8243; carousel_sm=&#8221;1&#8243; thumb_size=&#8221;four-three&#8221; gutter_size=&#8221;3&#8243; carousel_interval=&#8221;3000&#8243; carousel_navspeed=&#8221;400&#8243; carousel_nav=&#8221;yes&#8221; stage_padding=&#8221;0&#8243; single_overlay_opacity=&#8221;50&#8243; single_padding=&#8221;2&#8243;][\/vc_column][\/vc_row][vc_row row_height_percent=&#8221;0&#8243; override_padding=&#8221;yes&#8221; h_padding=&#8221;2&#8243; top_padding=&#8221;2&#8243; bottom_padding=&#8221;4&#8243; overlay_alpha=&#8221;50&#8243; gutter_size=&#8221;3&#8243; column_width_percent=&#8221;100&#8243; shift_y=&#8221;0&#8243; z_index=&#8221;0&#8243;][vc_column width=&#8221;1\/1&#8243;][vc_column_text]<\/p>\n<p class=\"p1\"><span class=\"s1\">Il <b>progetto Blue Resilience<\/b>, ideato da BER e Garbage Group, \u00e8 nato nel maggio del 2021 e punta a migliorare la <b>qualit\u00e0 delle acque e delle spiagge<\/b> delle aree poste a tutela ambientale e di grande valenza ed importanza turistica, economica e paesaggistica (Parchi Naturali o Aree Marine Protette) attraverso una profonda azione di bonifica mare-terra che si concretizza nella raccolta, nel recupero e nello smaltimento di rifiuti provenienti tanto dalla costa quanto dallo specchio di mare interessato (sia in superficie, che nei fondali).<span class=\"Apple-converted-space\">\u00a0<\/span><\/span><\/p>\n<p class=\"p1\">L\u2019area di intervento \u00e8 sempre oggetto di <span class=\"s1\"><b>ricerca scientifica pre e post operazione<\/b><\/span>, con tanto di pubblicazione dei risultati ottenuti grazie a una sinergia tra pubblico e privato che includa la collaborazione degli enti di ricerca e le aziende di settore. Un sodalizio rivolto non solo alla tutela e alla salvaguardia delle aree protette, ma anche al monitoraggio e alla ricerca scientifica. Un approccio multidisciplinare tra comunit\u00e0 scientifica, enti, organi di governo, mondo produttivo, associazioni ambientaliste e cittadinanza attiva.<span class=\"Apple-converted-space\">\u00a0<\/span><\/p>\n<p class=\"p1\">Come spesso accade, nel settore del disinquinamento a mare gli interventi sono dettati dalle <span class=\"s1\"><b>emergenze ambientali<\/b><\/span> o, peggio ancora, <span class=\"s1\"><b>sanitarie<\/b><\/span> a rischio vita umana (sversamento di idrocarburi in mare). In questo caso gli interventi sono tempestivi, repentini e muscolari poich\u00e9 devono soddisfare un\u2019esigenza che porti a dei risultati immediati dove il fattore tempo \u00e8 determinante.<span class=\"Apple-converted-space\">\u00a0<\/span><\/p>\n<p class=\"p1\">Questo sistema, peraltro rodato e maturo, non \u00e8 adatto alle aree che hanno una loro fragilit\u00e0 e che, proprio per questa ragione, sono sottoposte a tutela ambientale.<span class=\"Apple-converted-space\">\u00a0<\/span><\/p>\n<p class=\"p1\">L\u2019intervento in questo caso deve essere <span class=\"s1\"><b>resiliente<\/b><\/span> e <span class=\"s1\"><b>meno invasivo<\/b><\/span> possibile. Un\u2019operazione chirurgica, con azioni mirate e programmate nel tempo, poco impattanti dal punto di vista ambientale e ad alto contenuto tecnologico, proprio perch\u00e9 supportate dall\u2019azione di ricerca degli enti preposti. Solo cos\u00ec \u00e8 possibile aiutare un sistema ecologico, che presenta delle criticit\u00e0, a ritornare al suo stato iniziale senza recare traumi allo stesso. L\u2019azione pilota del progetto \u00e8 stata messa in opera il 28 Maggio 2021 nelle acque e spiagge del Parco del Conero (Ancona).<\/p>\n<p>[\/vc_column_text][\/vc_column][\/vc_row]<\/p>\n<\/div>","protected":false},"excerpt":{"rendered":"<p>[vc_row row_height_percent=&#8221;0&#8243; override_padding=&#8221;yes&#8221; h_padding=&#8221;2&#8243; top_padding=&#8221;3&#8243; bottom_padding=&#8221;2&#8243; overlay_alpha=&#8221;50&#8243; gutter_size=&#8221;3&#8243; column_width_percent=&#8221;100&#8243; shift_y=&#8221;0&#8243; z_index=&#8221;0&#8243;][vc_column width=&#8221;1\/1&#8243;][vc_gallery el_id=&#8221;gallery-203640&#8243; type=&#8221;carousel&#8221; medias=&#8221;2998,3000&#8243; carousel_lg=&#8221;1&#8243; carousel_md=&#8221;1&#8243; carousel_sm=&#8221;1&#8243; thumb_size=&#8221;four-three&#8221; gutter_size=&#8221;3&#8243; [&hellip;]<\/p>\n","protected":false},"author":1,"featured_media":3001,"parent":3011,"menu_order":0,"comment_status":"closed","ping_status":"closed","template":"","meta":{"footnotes":""},"class_list":["post-2954","page","type-page","status-publish","has-post-thumbnail","hentry","page_category-progetti-en"],"yoast_head":"<!-- This site is optimized with the Yoast SEO plugin v27.5 - https:\/\/yoast.com\/product\/yoast-seo-wordpress\/ -->\n<title>Progetto &quot;Blue Resilience&quot; - Garbage Group<\/title>\n<meta name=\"robots\" content=\"noindex, follow\" \/>\n<meta property=\"og:locale\" content=\"en_US\" \/>\n<meta property=\"og:type\" content=\"article\" \/>\n<meta property=\"og:title\" content=\"Progetto &quot;Blue Resilience&quot; - Garbage Group\" \/>\n<meta property=\"og:description\" content=\"[vc_row row_height_percent=&#8221;0&#8243; override_padding=&#8221;yes&#8221; h_padding=&#8221;2&#8243; top_padding=&#8221;3&#8243; bottom_padding=&#8221;2&#8243; overlay_alpha=&#8221;50&#8243; gutter_size=&#8221;3&#8243; column_width_percent=&#8221;100&#8243; shift_y=&#8221;0&#8243; z_index=&#8221;0&#8243;][vc_column width=&#8221;1\/1&#8243;][vc_gallery el_id=&#8221;gallery-203640&#8243; type=&#8221;carousel&#8221; medias=&#8221;2998,3000&#8243; carousel_lg=&#8221;1&#8243; carousel_md=&#8221;1&#8243; carousel_sm=&#8221;1&#8243; thumb_size=&#8221;four-three&#8221; gutter_size=&#8221;3&#8243; [&hellip;]\" \/>\n<meta property=\"og:url\" content=\"https:\/\/garbagegroup.it\/en\/progetti\/blue-resilience\/\" \/>\n<meta property=\"og:site_name\" content=\"Garbage Group\" \/>\n<meta property=\"article:publisher\" content=\"https:\/\/www.facebook.com\/garbagegroup\/\" \/>\n<meta property=\"article:modified_time\" content=\"2023-01-19T09:56:20+00:00\" \/>\n<meta property=\"og:image\" content=\"https:\/\/garbagegroup.it\/wp-content\/uploads\/2023\/01\/DSC_5586.jpg\" \/>\n\t<meta property=\"og:image:width\" content=\"1280\" \/>\n\t<meta property=\"og:image:height\" content=\"854\" \/>\n\t<meta property=\"og:image:type\" content=\"image\/jpeg\" \/>\n<meta name=\"twitter:card\" content=\"summary_large_image\" \/>\n<meta name=\"twitter:label1\" content=\"Est. reading time\" \/>\n\t<meta name=\"twitter:data1\" content=\"2 minutes\" \/>\n<script type=\"application\/ld+json\" class=\"yoast-schema-graph\">{\"@context\":\"https:\\\/\\\/schema.org\",\"@graph\":[{\"@type\":\"WebPage\",\"@id\":\"https:\\\/\\\/garbagegroup.it\\\/en\\\/progetti\\\/blue-resilience\\\/\",\"url\":\"https:\\\/\\\/garbagegroup.it\\\/en\\\/progetti\\\/blue-resilience\\\/\",\"name\":\"Progetto \\\"Blue Resilience\\\" - Garbage Group\",\"isPartOf\":{\"@id\":\"https:\\\/\\\/garbagegroup.it\\\/#website\"},\"primaryImageOfPage\":{\"@id\":\"https:\\\/\\\/garbagegroup.it\\\/en\\\/progetti\\\/blue-resilience\\\/#primaryimage\"},\"image\":{\"@id\":\"https:\\\/\\\/garbagegroup.it\\\/en\\\/progetti\\\/blue-resilience\\\/#primaryimage\"},\"thumbnailUrl\":\"https:\\\/\\\/garbagegroup.it\\\/wp-content\\\/uploads\\\/2023\\\/01\\\/DSC_5586.jpg\",\"datePublished\":\"2023-01-19T09:25:50+00:00\",\"dateModified\":\"2023-01-19T09:56:20+00:00\",\"breadcrumb\":{\"@id\":\"https:\\\/\\\/garbagegroup.it\\\/en\\\/progetti\\\/blue-resilience\\\/#breadcrumb\"},\"inLanguage\":\"en-US\",\"potentialAction\":[{\"@type\":\"ReadAction\",\"target\":[\"https:\\\/\\\/garbagegroup.it\\\/en\\\/progetti\\\/blue-resilience\\\/\"]}]},{\"@type\":\"ImageObject\",\"inLanguage\":\"en-US\",\"@id\":\"https:\\\/\\\/garbagegroup.it\\\/en\\\/progetti\\\/blue-resilience\\\/#primaryimage\",\"url\":\"https:\\\/\\\/garbagegroup.it\\\/wp-content\\\/uploads\\\/2023\\\/01\\\/DSC_5586.jpg\",\"contentUrl\":\"https:\\\/\\\/garbagegroup.it\\\/wp-content\\\/uploads\\\/2023\\\/01\\\/DSC_5586.jpg\",\"width\":1280,\"height\":854},{\"@type\":\"BreadcrumbList\",\"@id\":\"https:\\\/\\\/garbagegroup.it\\\/en\\\/progetti\\\/blue-resilience\\\/#breadcrumb\",\"itemListElement\":[{\"@type\":\"ListItem\",\"position\":1,\"name\":\"Home\",\"item\":\"https:\\\/\\\/garbagegroup.it\\\/en\\\/\"},{\"@type\":\"ListItem\",\"position\":2,\"name\":\"Projects\",\"item\":\"https:\\\/\\\/garbagegroup.it\\\/en\\\/progetti\\\/\"},{\"@type\":\"ListItem\",\"position\":3,\"name\":\"Progetto &#8220;Blue Resilience&#8221;\"}]},{\"@type\":\"WebSite\",\"@id\":\"https:\\\/\\\/garbagegroup.it\\\/#website\",\"url\":\"https:\\\/\\\/garbagegroup.it\\\/\",\"name\":\"Garbage Group\",\"description\":\"Servizi ecologici marini e terresti\",\"publisher\":{\"@id\":\"https:\\\/\\\/garbagegroup.it\\\/#organization\"},\"potentialAction\":[{\"@type\":\"SearchAction\",\"target\":{\"@type\":\"EntryPoint\",\"urlTemplate\":\"https:\\\/\\\/garbagegroup.it\\\/?s={search_term_string}\"},\"query-input\":{\"@type\":\"PropertyValueSpecification\",\"valueRequired\":true,\"valueName\":\"search_term_string\"}}],\"inLanguage\":\"en-US\"},{\"@type\":\"Organization\",\"@id\":\"https:\\\/\\\/garbagegroup.it\\\/#organization\",\"name\":\"Garbage Service S.r.l.\",\"url\":\"https:\\\/\\\/garbagegroup.it\\\/\",\"logo\":{\"@type\":\"ImageObject\",\"inLanguage\":\"en-US\",\"@id\":\"https:\\\/\\\/garbagegroup.it\\\/#\\\/schema\\\/logo\\\/image\\\/\",\"url\":\"https:\\\/\\\/garbagegroup.it\\\/wp-content\\\/uploads\\\/2019\\\/07\\\/garbage_group_logo_01-1.png\",\"contentUrl\":\"https:\\\/\\\/garbagegroup.it\\\/wp-content\\\/uploads\\\/2019\\\/07\\\/garbage_group_logo_01-1.png\",\"width\":188,\"height\":67,\"caption\":\"Garbage Service S.r.l.\"},\"image\":{\"@id\":\"https:\\\/\\\/garbagegroup.it\\\/#\\\/schema\\\/logo\\\/image\\\/\"},\"sameAs\":[\"https:\\\/\\\/www.facebook.com\\\/garbagegroup\\\/\",\"https:\\\/\\\/www.instagram.com\\\/garbagegroupit\\\/\"]}]}<\/script>\n<!-- \/ Yoast SEO plugin. -->","yoast_head_json":{"title":"Progetto \"Blue Resilience\" - Garbage Group","robots":{"index":"noindex","follow":"follow"},"og_locale":"en_US","og_type":"article","og_title":"Progetto \"Blue Resilience\" - Garbage Group","og_description":"[vc_row row_height_percent=&#8221;0&#8243; override_padding=&#8221;yes&#8221; h_padding=&#8221;2&#8243; top_padding=&#8221;3&#8243; bottom_padding=&#8221;2&#8243; overlay_alpha=&#8221;50&#8243; gutter_size=&#8221;3&#8243; column_width_percent=&#8221;100&#8243; shift_y=&#8221;0&#8243; z_index=&#8221;0&#8243;][vc_column width=&#8221;1\/1&#8243;][vc_gallery el_id=&#8221;gallery-203640&#8243; type=&#8221;carousel&#8221; medias=&#8221;2998,3000&#8243; carousel_lg=&#8221;1&#8243; carousel_md=&#8221;1&#8243; carousel_sm=&#8221;1&#8243; thumb_size=&#8221;four-three&#8221; gutter_size=&#8221;3&#8243; [&hellip;]","og_url":"https:\/\/garbagegroup.it\/en\/progetti\/blue-resilience\/","og_site_name":"Garbage Group","article_publisher":"https:\/\/www.facebook.com\/garbagegroup\/","article_modified_time":"2023-01-19T09:56:20+00:00","og_image":[{"width":1280,"height":854,"url":"https:\/\/garbagegroup.it\/wp-content\/uploads\/2023\/01\/DSC_5586.jpg","type":"image\/jpeg"}],"twitter_card":"summary_large_image","twitter_misc":{"Est. reading time":"2 minutes"},"schema":{"@context":"https:\/\/schema.org","@graph":[{"@type":"WebPage","@id":"https:\/\/garbagegroup.it\/en\/progetti\/blue-resilience\/","url":"https:\/\/garbagegroup.it\/en\/progetti\/blue-resilience\/","name":"Progetto \"Blue Resilience\" - Garbage Group","isPartOf":{"@id":"https:\/\/garbagegroup.it\/#website"},"primaryImageOfPage":{"@id":"https:\/\/garbagegroup.it\/en\/progetti\/blue-resilience\/#primaryimage"},"image":{"@id":"https:\/\/garbagegroup.it\/en\/progetti\/blue-resilience\/#primaryimage"},"thumbnailUrl":"https:\/\/garbagegroup.it\/wp-content\/uploads\/2023\/01\/DSC_5586.jpg","datePublished":"2023-01-19T09:25:50+00:00","dateModified":"2023-01-19T09:56:20+00:00","breadcrumb":{"@id":"https:\/\/garbagegroup.it\/en\/progetti\/blue-resilience\/#breadcrumb"},"inLanguage":"en-US","potentialAction":[{"@type":"ReadAction","target":["https:\/\/garbagegroup.it\/en\/progetti\/blue-resilience\/"]}]},{"@type":"ImageObject","inLanguage":"en-US","@id":"https:\/\/garbagegroup.it\/en\/progetti\/blue-resilience\/#primaryimage","url":"https:\/\/garbagegroup.it\/wp-content\/uploads\/2023\/01\/DSC_5586.jpg","contentUrl":"https:\/\/garbagegroup.it\/wp-content\/uploads\/2023\/01\/DSC_5586.jpg","width":1280,"height":854},{"@type":"BreadcrumbList","@id":"https:\/\/garbagegroup.it\/en\/progetti\/blue-resilience\/#breadcrumb","itemListElement":[{"@type":"ListItem","position":1,"name":"Home","item":"https:\/\/garbagegroup.it\/en\/"},{"@type":"ListItem","position":2,"name":"Projects","item":"https:\/\/garbagegroup.it\/en\/progetti\/"},{"@type":"ListItem","position":3,"name":"Progetto &#8220;Blue Resilience&#8221;"}]},{"@type":"WebSite","@id":"https:\/\/garbagegroup.it\/#website","url":"https:\/\/garbagegroup.it\/","name":"Garbage Group","description":"Servizi ecologici marini e terresti","publisher":{"@id":"https:\/\/garbagegroup.it\/#organization"},"potentialAction":[{"@type":"SearchAction","target":{"@type":"EntryPoint","urlTemplate":"https:\/\/garbagegroup.it\/?s={search_term_string}"},"query-input":{"@type":"PropertyValueSpecification","valueRequired":true,"valueName":"search_term_string"}}],"inLanguage":"en-US"},{"@type":"Organization","@id":"https:\/\/garbagegroup.it\/#organization","name":"Garbage Service S.r.l.","url":"https:\/\/garbagegroup.it\/","logo":{"@type":"ImageObject","inLanguage":"en-US","@id":"https:\/\/garbagegroup.it\/#\/schema\/logo\/image\/","url":"https:\/\/garbagegroup.it\/wp-content\/uploads\/2019\/07\/garbage_group_logo_01-1.png","contentUrl":"https:\/\/garbagegroup.it\/wp-content\/uploads\/2019\/07\/garbage_group_logo_01-1.png","width":188,"height":67,"caption":"Garbage Service S.r.l."},"image":{"@id":"https:\/\/garbagegroup.it\/#\/schema\/logo\/image\/"},"sameAs":["https:\/\/www.facebook.com\/garbagegroup\/","https:\/\/www.instagram.com\/garbagegroupit\/"]}]}},"_links":{"self":[{"href":"https:\/\/garbagegroup.it\/en\/wp-json\/wp\/v2\/pages\/2954","targetHints":{"allow":["GET"]}}],"collection":[{"href":"https:\/\/garbagegroup.it\/en\/wp-json\/wp\/v2\/pages"}],"about":[{"href":"https:\/\/garbagegroup.it\/en\/wp-json\/wp\/v2\/types\/page"}],"author":[{"embeddable":true,"href":"https:\/\/garbagegroup.it\/en\/wp-json\/wp\/v2\/users\/1"}],"replies":[{"embeddable":true,"href":"https:\/\/garbagegroup.it\/en\/wp-json\/wp\/v2\/comments?post=2954"}],"version-history":[{"count":2,"href":"https:\/\/garbagegroup.it\/en\/wp-json\/wp\/v2\/pages\/2954\/revisions"}],"predecessor-version":[{"id":3003,"href":"https:\/\/garbagegroup.it\/en\/wp-json\/wp\/v2\/pages\/2954\/revisions\/3003"}],"up":[{"embeddable":true,"href":"https:\/\/garbagegroup.it\/en\/wp-json\/wp\/v2\/pages\/3011"}],"wp:featuredmedia":[{"embeddable":true,"href":"https:\/\/garbagegroup.it\/en\/wp-json\/wp\/v2\/media\/3001"}],"wp:attachment":[{"href":"https:\/\/garbagegroup.it\/en\/wp-json\/wp\/v2\/media?parent=2954"}],"curies":[{"name":"wp","href":"https:\/\/api.w.org\/{rel}","templated":true}]}}