{"id":2912,"date":"2022-04-29T11:11:14","date_gmt":"2022-04-29T09:11:14","guid":{"rendered":"https:\/\/garbagegroup.it\/boats\/pelikan-ecojet-35\/"},"modified":"2023-09-26T14:55:06","modified_gmt":"2023-09-26T12:55:06","slug":"e-pelikan-35","status":"publish","type":"page","link":"https:\/\/garbagegroup.it\/en\/boats\/e-pelikan-35\/","title":{"rendered":"E-Pelikan 35&#8242;"},"content":{"rendered":"<div class=\"wpb-content-wrapper\"><p>[vc_row][vc_column width=&#8221;1\/1&#8243;][vc_gallery el_id=&#8221;gallery-imbarcazioni&#8221; type=&#8221;carousel&#8221; medias=&#8221;2613,2615,2617,2619,2621,2623,2625,2627,2629,2631&#8243; carousel_lg=&#8221;1&#8243; carousel_md=&#8221;1&#8243; carousel_sm=&#8221;1&#8243; thumb_size=&#8221;sixteen-nine&#8221; gutter_size=&#8221;3&#8243; media_items=&#8221;media|lightbox|original,icon|lg&#8221; carousel_v_align=&#8221;middle&#8221; carousel_interval=&#8221;3000&#8243; carousel_navspeed=&#8221;400&#8243; carousel_loop=&#8221;yes&#8221; carousel_nav=&#8221;yes&#8221; carousel_nav_mobile=&#8221;yes&#8221; carousel_dots=&#8221;yes&#8221; stage_padding=&#8221;0&#8243; single_overlay_opacity=&#8221;50&#8243; single_h_align=&#8221;center&#8221; single_padding=&#8221;2&#8243; single_icon=&#8221;fa fa-magnifier&#8221;][\/vc_column][\/vc_row][vc_row row_height_percent=&#8221;0&#8243; override_padding=&#8221;yes&#8221; h_padding=&#8221;3&#8243; top_padding=&#8221;2&#8243; bottom_padding=&#8221;3&#8243; overlay_alpha=&#8221;50&#8243; gutter_size=&#8221;3&#8243; column_width_percent=&#8221;100&#8243; shift_y=&#8221;0&#8243; z_index=&#8221;0&#8243;][vc_column width=&#8221;1\/1&#8243;][vc_column_text]<\/p>\n<h3 class=\"p1\">L&#8217;E-Pelikan 35 ecojet \u00e8 una imbarcazione in composito di 35\u2019 per la raccolta di rifiuti galleggianti solidi e liquidi, equipaggiata con due motori elettrici di 130 Kwh e due waterjets.<\/h3>\n<p class=\"p1\">L\u2019imbarcazione \u00e8 costruita in base ai disegni, i quali saranno parte integrante di questa specifica. Lo scafo \u00e8 stato disegnato con forme di carena semi-planante con alta performance.<\/p>\n<p class=\"p1\">La imbarcazione standard \u00e8 progettata e costruita per essere capace di ottenere una massima velocit\u00e0 stimata di 16 Nodi ad un dislocamento di circa 12 tonnellate ed una velocit\u00e0 economica di 8 nodi al dislocamento suddetto con 2 x 130 Kw motore elettrico e 2 Alamarin Jets 245.<\/p>\n<p class=\"p1\">La raccolta dei rifiuti solidi avviene grazie a due deflettori laterali dx e sx, posti a prua (parti integranti dello scafo), che aprendosi elettricamente permetto di allagare parzialmente la zona prodiera e tramite un sistema brevettato di aspirazione, convogliare tutti i rifiuti all\u2019interno di una cesta di raccolta, che una volta piena pu\u00f2 essere vuotata tramite un sistema di sollevamento elettrico\/elettroidraulico e svuotamento in coperta all\u2019interno di una cassa di stivaggio. Una volta terminate le operazioni di pulizia, richiudendo i due deflettori, la zona di prua verr\u00e0 svuotata dall\u2019acqua per mezzo di pompe elettriche e risulter\u00e0 asciutta e a chiusura stagna, cosi da poter navigare con minor peso e abbattere i consumi.<\/p>\n<p class=\"p1\">La raccolta dei rifiuti liquidi avviene sempre grazie all\u2019apertura dei due deflettori laterali a prua, che permetto di allagare parzialmente la zona prodiera, grazie ad un sistema per il trattamento delle acque oleose, l\u2019imbarcazione a configurazione base prevede uno stoccaggio di acque oleose di circa 1,5 mc un trattamento di circa 0,5 mc\/h ed uno stoccaggio di residui oleosi di circa 0,6 mc. Un sistema conforme alle regolamentazioni Internazionali preveder\u00e0 uno scarico delle acque trattate non superiore alle 15 ppm.Un sensore ed una valvola automatica a tre vie garantiranno l\u2019eventuale ricircolo a ppm superiori a 15.<span class=\"Apple-converted-space\">\u00a0<\/span><\/p>\n<p>[\/vc_column_text][vc_raw_html]JTNDZGl2JTIwY2xhc3MlM0QlMjJ2aWRlby13cmFwcGVyJTIyJTNFJTNDaWZyYW1lJTIwd2lkdGglM0QlMjIxMDAlMjUlMjIlMjBoZWlnaHQlM0QlMjIxMDAlMjUlMjIlMjBzcmMlM0QlMjJodHRwcyUzQSUyRiUyRnd3dy55b3V0dWJlLW5vY29va2llLmNvbSUyRmVtYmVkJTJGUEszS0llXy1FR28lMjIlMjB0aXRsZSUzRCUyMllvdVR1YmUlMjB2aWRlbyUyMHBsYXllciUyMiUyMGZyYW1lYm9yZGVyJTNEJTIyMCUyMiUyMGFsbG93JTNEJTIyYWNjZWxlcm9tZXRlciUzQiUyMGF1dG9wbGF5JTNCJTIwY2xpcGJvYXJkLXdyaXRlJTNCJTIwZW5jcnlwdGVkLW1lZGlhJTNCJTIwZ3lyb3Njb3BlJTNCJTIwcGljdHVyZS1pbi1waWN0dXJlJTIyJTIwYWxsb3dmdWxsc2NyZWVuJTNFJTNDJTJGaWZyYW1lJTNFJTNDJTJGZGl2JTNF[\/vc_raw_html][\/vc_column][\/vc_row][vc_row row_height_percent=&#8221;0&#8243; override_padding=&#8221;yes&#8221; h_padding=&#8221;3&#8243; top_padding=&#8221;3&#8243; bottom_padding=&#8221;3&#8243; back_color=&#8221;color-darkblue&#8221; overlay_alpha=&#8221;50&#8243; gutter_size=&#8221;3&#8243; column_width_percent=&#8221;100&#8243; shift_y=&#8221;0&#8243; z_index=&#8221;0&#8243;][vc_column column_width_percent=&#8221;100&#8243; gutter_size=&#8221;3&#8243; style=&#8221;dark&#8221; overlay_alpha=&#8221;50&#8243; shift_x=&#8221;0&#8243; shift_y=&#8221;0&#8243; shift_y_down=&#8221;0&#8243; z_index=&#8221;0&#8243; medium_width=&#8221;0&#8243; mobile_width=&#8221;0&#8243; width=&#8221;1\/1&#8243;][vc_custom_heading text_color=&#8221;color-lightblue-2021&#8243; heading_semantic=&#8221;h3&#8243; text_size=&#8221;h3&#8243;]Scheda Tecnica[\/vc_custom_heading][vc_row_inner][vc_column_inner column_width_percent=&#8221;100&#8243; gutter_size=&#8221;3&#8243; style=&#8221;dark&#8221; overlay_alpha=&#8221;50&#8243; shift_x=&#8221;0&#8243; shift_y=&#8221;0&#8243; shift_y_down=&#8221;0&#8243; z_index=&#8221;0&#8243; medium_width=&#8221;0&#8243; mobile_width=&#8221;0&#8243; width=&#8221;1\/2&#8243; uncode_shortcode_id=&#8221;143929&#8243;][vc_column_text]<\/p>\n<ul>\n<li class=\"p1\">Lunghezza Fuori Tutto (LFT) 11.00 m<\/li>\n<li class=\"p1\">Larghezza di costruzione 3.20 m<\/li>\n<li class=\"p1\">Lunghezza al Galleggiamento 10.00 m<\/li>\n<li class=\"p1\">Design Draft at Full Load 0.95m<\/li>\n<li class=\"p1\">Dislocamento a Pieno Carico 13 t.<\/li>\n<li class=\"p1\">Dislocamento a Medio Carico 12 t.<\/li>\n<li class=\"p1\">Dislocamento a NSA 10 t.<\/li>\n<li class=\"p1\">Capacit\u00e0 Gasolio 300 l.<\/li>\n<li class=\"p1\">Motori ElettriciSincroni a Magneti Permanenti 2 x 130 kW (max Power)<span class=\"Apple-converted-space\">\u00a0<\/span><\/li>\n<\/ul>\n<p>[\/vc_column_text][\/vc_column_inner][vc_column_inner column_width_percent=&#8221;100&#8243; gutter_size=&#8221;3&#8243; style=&#8221;dark&#8221; overlay_alpha=&#8221;50&#8243; shift_x=&#8221;0&#8243; shift_y=&#8221;0&#8243; shift_y_down=&#8221;0&#8243; z_index=&#8221;0&#8243; medium_width=&#8221;0&#8243; mobile_width=&#8221;0&#8243; width=&#8221;1\/2&#8243; uncode_shortcode_id=&#8221;206683&#8243;][vc_column_text]<\/p>\n<ul>\n<li class=\"p1\">Gruppo Batterie 240 Kwh Gruppo Elettrogeno 1 x 30 Kwh<\/li>\n<li class=\"p1\">Velocit\u00e0 Massima 16 Nodi<\/li>\n<li class=\"p1\">Velocit\u00e0 di crociera 10 Nodi<\/li>\n<li class=\"p1\">Velocit\u00e0 Economica 8 Nodi<\/li>\n<li class=\"p1\">Velocit\u00e0 in fase operativa 2 Nodi<\/li>\n<li class=\"p1\">Autonomia alla velocit\u00e0 Economica 35 miglia marine<\/li>\n<li class=\"p1\">Cestone per raccolta rifiuti solidi 1,5 mc<\/li>\n<li class=\"p1\">Skimmer filtraggio oli e idrocarburi 2.000 l\/h<span class=\"Apple-converted-space\">\u00a0<\/span><\/li>\n<\/ul>\n<p>[\/vc_column_text][\/vc_column_inner][\/vc_row_inner][\/vc_column][\/vc_row][vc_row][vc_column width=&#8221;1\/1&#8243;][uncode_block id=&#8221;2101&#8243;][\/vc_column][\/vc_row]<\/p>\n<\/div>","protected":false},"excerpt":{"rendered":"<p>[vc_row][vc_column width=&#8221;1\/1&#8243;][vc_gallery el_id=&#8221;gallery-imbarcazioni&#8221; type=&#8221;carousel&#8221; medias=&#8221;2613,2615,2617,2619,2621,2623,2625,2627,2629,2631&#8243; carousel_lg=&#8221;1&#8243; carousel_md=&#8221;1&#8243; carousel_sm=&#8221;1&#8243; thumb_size=&#8221;sixteen-nine&#8221; gutter_size=&#8221;3&#8243; media_items=&#8221;media|lightbox|original,icon|lg&#8221; carousel_v_align=&#8221;middle&#8221; carousel_interval=&#8221;3000&#8243; carousel_navspeed=&#8221;400&#8243; carousel_loop=&#8221;yes&#8221; carousel_nav=&#8221;yes&#8221; carousel_nav_mobile=&#8221;yes&#8221; carousel_dots=&#8221;yes&#8221; stage_padding=&#8221;0&#8243; single_overlay_opacity=&#8221;50&#8243; [&hellip;]<\/p>\n","protected":false},"author":1,"featured_media":2630,"parent":2208,"menu_order":0,"comment_status":"closed","ping_status":"closed","template":"","meta":{"footnotes":""},"class_list":["post-2912","page","type-page","status-publish","has-post-thumbnail","hentry","page_category-boats","page_category-e-pelikan-en"],"yoast_head":"<!-- This site is optimized with the Yoast SEO plugin v27.5 - https:\/\/yoast.com\/product\/yoast-seo-wordpress\/ -->\n<title>E-Pelikan 35&#039; - Garbage Group<\/title>\n<meta name=\"robots\" content=\"noindex, follow\" \/>\n<meta property=\"og:locale\" content=\"en_US\" \/>\n<meta property=\"og:type\" content=\"article\" \/>\n<meta property=\"og:title\" content=\"E-Pelikan 35&#039; - Garbage Group\" \/>\n<meta property=\"og:description\" content=\"[vc_row][vc_column width=&#8221;1\/1&#8243;][vc_gallery el_id=&#8221;gallery-imbarcazioni&#8221; type=&#8221;carousel&#8221; medias=&#8221;2613,2615,2617,2619,2621,2623,2625,2627,2629,2631&#8243; carousel_lg=&#8221;1&#8243; carousel_md=&#8221;1&#8243; carousel_sm=&#8221;1&#8243; thumb_size=&#8221;sixteen-nine&#8221; gutter_size=&#8221;3&#8243; media_items=&#8221;media|lightbox|original,icon|lg&#8221; carousel_v_align=&#8221;middle&#8221; carousel_interval=&#8221;3000&#8243; carousel_navspeed=&#8221;400&#8243; carousel_loop=&#8221;yes&#8221; carousel_nav=&#8221;yes&#8221; carousel_nav_mobile=&#8221;yes&#8221; carousel_dots=&#8221;yes&#8221; stage_padding=&#8221;0&#8243; single_overlay_opacity=&#8221;50&#8243; [&hellip;]\" \/>\n<meta property=\"og:url\" content=\"https:\/\/garbagegroup.it\/en\/boats\/e-pelikan-35\/\" \/>\n<meta property=\"og:site_name\" content=\"Garbage Group\" \/>\n<meta property=\"article:publisher\" content=\"https:\/\/www.facebook.com\/garbagegroup\/\" \/>\n<meta property=\"article:modified_time\" content=\"2023-09-26T12:55:06+00:00\" \/>\n<meta property=\"og:image\" content=\"https:\/\/garbagegroup.it\/wp-content\/uploads\/2022\/04\/garbage-group_e-pelikan_35-ecojet_009.jpg\" \/>\n\t<meta property=\"og:image:width\" content=\"1280\" \/>\n\t<meta property=\"og:image:height\" content=\"720\" \/>\n\t<meta property=\"og:image:type\" content=\"image\/jpeg\" \/>\n<meta name=\"twitter:card\" content=\"summary_large_image\" \/>\n<meta name=\"twitter:label1\" content=\"Est. reading time\" \/>\n\t<meta name=\"twitter:data1\" content=\"3 minutes\" \/>\n<script type=\"application\/ld+json\" class=\"yoast-schema-graph\">{\"@context\":\"https:\\\/\\\/schema.org\",\"@graph\":[{\"@type\":\"WebPage\",\"@id\":\"https:\\\/\\\/garbagegroup.it\\\/en\\\/boats\\\/e-pelikan-35\\\/\",\"url\":\"https:\\\/\\\/garbagegroup.it\\\/en\\\/boats\\\/e-pelikan-35\\\/\",\"name\":\"E-Pelikan 35' - Garbage Group\",\"isPartOf\":{\"@id\":\"https:\\\/\\\/garbagegroup.it\\\/#website\"},\"primaryImageOfPage\":{\"@id\":\"https:\\\/\\\/garbagegroup.it\\\/en\\\/boats\\\/e-pelikan-35\\\/#primaryimage\"},\"image\":{\"@id\":\"https:\\\/\\\/garbagegroup.it\\\/en\\\/boats\\\/e-pelikan-35\\\/#primaryimage\"},\"thumbnailUrl\":\"https:\\\/\\\/garbagegroup.it\\\/wp-content\\\/uploads\\\/2022\\\/04\\\/garbage-group_e-pelikan_35-ecojet_009.jpg\",\"datePublished\":\"2022-04-29T09:11:14+00:00\",\"dateModified\":\"2023-09-26T12:55:06+00:00\",\"breadcrumb\":{\"@id\":\"https:\\\/\\\/garbagegroup.it\\\/en\\\/boats\\\/e-pelikan-35\\\/#breadcrumb\"},\"inLanguage\":\"en-US\",\"potentialAction\":[{\"@type\":\"ReadAction\",\"target\":[\"https:\\\/\\\/garbagegroup.it\\\/en\\\/boats\\\/e-pelikan-35\\\/\"]}]},{\"@type\":\"ImageObject\",\"inLanguage\":\"en-US\",\"@id\":\"https:\\\/\\\/garbagegroup.it\\\/en\\\/boats\\\/e-pelikan-35\\\/#primaryimage\",\"url\":\"https:\\\/\\\/garbagegroup.it\\\/wp-content\\\/uploads\\\/2022\\\/04\\\/garbage-group_e-pelikan_35-ecojet_009.jpg\",\"contentUrl\":\"https:\\\/\\\/garbagegroup.it\\\/wp-content\\\/uploads\\\/2022\\\/04\\\/garbage-group_e-pelikan_35-ecojet_009.jpg\",\"width\":1280,\"height\":720},{\"@type\":\"BreadcrumbList\",\"@id\":\"https:\\\/\\\/garbagegroup.it\\\/en\\\/boats\\\/e-pelikan-35\\\/#breadcrumb\",\"itemListElement\":[{\"@type\":\"ListItem\",\"position\":1,\"name\":\"Home\",\"item\":\"https:\\\/\\\/garbagegroup.it\\\/en\\\/\"},{\"@type\":\"ListItem\",\"position\":2,\"name\":\"Boats\",\"item\":\"https:\\\/\\\/garbagegroup.it\\\/en\\\/boats\\\/\"},{\"@type\":\"ListItem\",\"position\":3,\"name\":\"E-Pelikan 35&#8242;\"}]},{\"@type\":\"WebSite\",\"@id\":\"https:\\\/\\\/garbagegroup.it\\\/#website\",\"url\":\"https:\\\/\\\/garbagegroup.it\\\/\",\"name\":\"Garbage Group\",\"description\":\"Servizi ecologici marini e terresti\",\"publisher\":{\"@id\":\"https:\\\/\\\/garbagegroup.it\\\/#organization\"},\"potentialAction\":[{\"@type\":\"SearchAction\",\"target\":{\"@type\":\"EntryPoint\",\"urlTemplate\":\"https:\\\/\\\/garbagegroup.it\\\/?s={search_term_string}\"},\"query-input\":{\"@type\":\"PropertyValueSpecification\",\"valueRequired\":true,\"valueName\":\"search_term_string\"}}],\"inLanguage\":\"en-US\"},{\"@type\":\"Organization\",\"@id\":\"https:\\\/\\\/garbagegroup.it\\\/#organization\",\"name\":\"Garbage Service S.r.l.\",\"url\":\"https:\\\/\\\/garbagegroup.it\\\/\",\"logo\":{\"@type\":\"ImageObject\",\"inLanguage\":\"en-US\",\"@id\":\"https:\\\/\\\/garbagegroup.it\\\/#\\\/schema\\\/logo\\\/image\\\/\",\"url\":\"https:\\\/\\\/garbagegroup.it\\\/wp-content\\\/uploads\\\/2019\\\/07\\\/garbage_group_logo_01-1.png\",\"contentUrl\":\"https:\\\/\\\/garbagegroup.it\\\/wp-content\\\/uploads\\\/2019\\\/07\\\/garbage_group_logo_01-1.png\",\"width\":188,\"height\":67,\"caption\":\"Garbage Service S.r.l.\"},\"image\":{\"@id\":\"https:\\\/\\\/garbagegroup.it\\\/#\\\/schema\\\/logo\\\/image\\\/\"},\"sameAs\":[\"https:\\\/\\\/www.facebook.com\\\/garbagegroup\\\/\",\"https:\\\/\\\/www.instagram.com\\\/garbagegroupit\\\/\"]}]}<\/script>\n<!-- \/ Yoast SEO plugin. -->","yoast_head_json":{"title":"E-Pelikan 35' - Garbage Group","robots":{"index":"noindex","follow":"follow"},"og_locale":"en_US","og_type":"article","og_title":"E-Pelikan 35' - Garbage Group","og_description":"[vc_row][vc_column width=&#8221;1\/1&#8243;][vc_gallery el_id=&#8221;gallery-imbarcazioni&#8221; type=&#8221;carousel&#8221; medias=&#8221;2613,2615,2617,2619,2621,2623,2625,2627,2629,2631&#8243; carousel_lg=&#8221;1&#8243; carousel_md=&#8221;1&#8243; carousel_sm=&#8221;1&#8243; thumb_size=&#8221;sixteen-nine&#8221; gutter_size=&#8221;3&#8243; media_items=&#8221;media|lightbox|original,icon|lg&#8221; carousel_v_align=&#8221;middle&#8221; carousel_interval=&#8221;3000&#8243; carousel_navspeed=&#8221;400&#8243; carousel_loop=&#8221;yes&#8221; carousel_nav=&#8221;yes&#8221; carousel_nav_mobile=&#8221;yes&#8221; carousel_dots=&#8221;yes&#8221; stage_padding=&#8221;0&#8243; single_overlay_opacity=&#8221;50&#8243; [&hellip;]","og_url":"https:\/\/garbagegroup.it\/en\/boats\/e-pelikan-35\/","og_site_name":"Garbage Group","article_publisher":"https:\/\/www.facebook.com\/garbagegroup\/","article_modified_time":"2023-09-26T12:55:06+00:00","og_image":[{"width":1280,"height":720,"url":"https:\/\/garbagegroup.it\/wp-content\/uploads\/2022\/04\/garbage-group_e-pelikan_35-ecojet_009.jpg","type":"image\/jpeg"}],"twitter_card":"summary_large_image","twitter_misc":{"Est. reading time":"3 minutes"},"schema":{"@context":"https:\/\/schema.org","@graph":[{"@type":"WebPage","@id":"https:\/\/garbagegroup.it\/en\/boats\/e-pelikan-35\/","url":"https:\/\/garbagegroup.it\/en\/boats\/e-pelikan-35\/","name":"E-Pelikan 35' - Garbage Group","isPartOf":{"@id":"https:\/\/garbagegroup.it\/#website"},"primaryImageOfPage":{"@id":"https:\/\/garbagegroup.it\/en\/boats\/e-pelikan-35\/#primaryimage"},"image":{"@id":"https:\/\/garbagegroup.it\/en\/boats\/e-pelikan-35\/#primaryimage"},"thumbnailUrl":"https:\/\/garbagegroup.it\/wp-content\/uploads\/2022\/04\/garbage-group_e-pelikan_35-ecojet_009.jpg","datePublished":"2022-04-29T09:11:14+00:00","dateModified":"2023-09-26T12:55:06+00:00","breadcrumb":{"@id":"https:\/\/garbagegroup.it\/en\/boats\/e-pelikan-35\/#breadcrumb"},"inLanguage":"en-US","potentialAction":[{"@type":"ReadAction","target":["https:\/\/garbagegroup.it\/en\/boats\/e-pelikan-35\/"]}]},{"@type":"ImageObject","inLanguage":"en-US","@id":"https:\/\/garbagegroup.it\/en\/boats\/e-pelikan-35\/#primaryimage","url":"https:\/\/garbagegroup.it\/wp-content\/uploads\/2022\/04\/garbage-group_e-pelikan_35-ecojet_009.jpg","contentUrl":"https:\/\/garbagegroup.it\/wp-content\/uploads\/2022\/04\/garbage-group_e-pelikan_35-ecojet_009.jpg","width":1280,"height":720},{"@type":"BreadcrumbList","@id":"https:\/\/garbagegroup.it\/en\/boats\/e-pelikan-35\/#breadcrumb","itemListElement":[{"@type":"ListItem","position":1,"name":"Home","item":"https:\/\/garbagegroup.it\/en\/"},{"@type":"ListItem","position":2,"name":"Boats","item":"https:\/\/garbagegroup.it\/en\/boats\/"},{"@type":"ListItem","position":3,"name":"E-Pelikan 35&#8242;"}]},{"@type":"WebSite","@id":"https:\/\/garbagegroup.it\/#website","url":"https:\/\/garbagegroup.it\/","name":"Garbage Group","description":"Servizi ecologici marini e terresti","publisher":{"@id":"https:\/\/garbagegroup.it\/#organization"},"potentialAction":[{"@type":"SearchAction","target":{"@type":"EntryPoint","urlTemplate":"https:\/\/garbagegroup.it\/?s={search_term_string}"},"query-input":{"@type":"PropertyValueSpecification","valueRequired":true,"valueName":"search_term_string"}}],"inLanguage":"en-US"},{"@type":"Organization","@id":"https:\/\/garbagegroup.it\/#organization","name":"Garbage Service S.r.l.","url":"https:\/\/garbagegroup.it\/","logo":{"@type":"ImageObject","inLanguage":"en-US","@id":"https:\/\/garbagegroup.it\/#\/schema\/logo\/image\/","url":"https:\/\/garbagegroup.it\/wp-content\/uploads\/2019\/07\/garbage_group_logo_01-1.png","contentUrl":"https:\/\/garbagegroup.it\/wp-content\/uploads\/2019\/07\/garbage_group_logo_01-1.png","width":188,"height":67,"caption":"Garbage Service S.r.l."},"image":{"@id":"https:\/\/garbagegroup.it\/#\/schema\/logo\/image\/"},"sameAs":["https:\/\/www.facebook.com\/garbagegroup\/","https:\/\/www.instagram.com\/garbagegroupit\/"]}]}},"_links":{"self":[{"href":"https:\/\/garbagegroup.it\/en\/wp-json\/wp\/v2\/pages\/2912","targetHints":{"allow":["GET"]}}],"collection":[{"href":"https:\/\/garbagegroup.it\/en\/wp-json\/wp\/v2\/pages"}],"about":[{"href":"https:\/\/garbagegroup.it\/en\/wp-json\/wp\/v2\/types\/page"}],"author":[{"embeddable":true,"href":"https:\/\/garbagegroup.it\/en\/wp-json\/wp\/v2\/users\/1"}],"replies":[{"embeddable":true,"href":"https:\/\/garbagegroup.it\/en\/wp-json\/wp\/v2\/comments?post=2912"}],"version-history":[{"count":4,"href":"https:\/\/garbagegroup.it\/en\/wp-json\/wp\/v2\/pages\/2912\/revisions"}],"predecessor-version":[{"id":3263,"href":"https:\/\/garbagegroup.it\/en\/wp-json\/wp\/v2\/pages\/2912\/revisions\/3263"}],"up":[{"embeddable":true,"href":"https:\/\/garbagegroup.it\/en\/wp-json\/wp\/v2\/pages\/2208"}],"wp:featuredmedia":[{"embeddable":true,"href":"https:\/\/garbagegroup.it\/en\/wp-json\/wp\/v2\/media\/2630"}],"wp:attachment":[{"href":"https:\/\/garbagegroup.it\/en\/wp-json\/wp\/v2\/media?parent=2912"}],"curies":[{"name":"wp","href":"https:\/\/api.w.org\/{rel}","templated":true}]}}